{"id":1514,"date":"2016-04-11T18:31:04","date_gmt":"2016-04-11T18:31:04","guid":{"rendered":"http:\/\/www.conero.it\/aaa-pagine-sistemare\/itadriatica-outleten\/"},"modified":"2016-06-07T15:05:59","modified_gmt":"2016-06-07T15:05:59","slug":"adriatica-outlet","status":"publish","type":"page","link":"https:\/\/www.conero.it\/it\/adriatica-outlet\/","title":{"rendered":"Adriatica outlet"},"content":{"rendered":"<h2>Spaccio Occhiali &#8211; Adriatica Outlet<\/h2>\n<p><img loading=\"lazy\" decoding=\"async\" src=\"http:\/\/www.conero.it\/assets\/uploads\/2016\/04\/Adriatica-Outlet-1.jpg\" alt=\"Adriatica-Outlet-1\" width=\"320\" height=\"240\" class=\"alignleft size-full wp-image-2376\" \/><strong>Vendita Diretta Occhiali<\/strong><\/p>\n<p><strong>Sirolo (AN)<\/strong> Viale S. Pertini 2 &#8211; Zona Coppo<br \/>\nTel. 071 9331096 Fax\u00a0071.7360390 info@adoonline.it<br \/>\nOrario: 09.30-12.30; 16.30-19.30.( Nel periodo estivo aperti domenica dalle 16.30 alle 19.30) Chiuso: luned\u00ec.<\/p>\n<p>Via Italia 7<br \/>\nTel. 071.9332220<br \/>\nOrario: \u00a010.00 \u2013 13.00 18.00-24.00 (nel periodo estivo aperto tutti i giorni).<\/p>\n<p><strong>Falconara (AN)<\/strong><br \/>\nVia f.lli Cairoli 10- Tel. +39.071.9157101<br \/>\nOrario: 09.30-13.00; 16.30-20.00 ( chiuso domenica e luned\u00ec pomeriggio).<\/p>\n<p><strong>Porto Recanati (MC)<\/strong><br \/>\nBorgo marinaro 9\/A<br \/>\nTel. 071.7590891 Orario: 09.30-13.00; 16.30-20.00 ( chiuso la mattina di domenica).<\/p>\n<h2>Descrizione<\/h2>\n<p><img loading=\"lazy\" decoding=\"async\" src=\"http:\/\/www.conero.it\/assets\/uploads\/2016\/04\/Adriatica-Outlet-2.jpg\" alt=\"Adriatica-Outlet-2\" width=\"320\" height=\"240\" class=\"alignleft size-full wp-image-2377\" \/>Il primo ed unico spaccio aziendale nel centro Italia con vendita diretta di montature da vista complete di lenti personalizzate e occhiali da sole. Puoi trovare oltre 10.000 diversi modelli in esposizione da VEDERE, TOCCARE, PROVARE.<\/p>\n<p>Adriatica outlet: da 30 anni siamo leader con oltre 10 milioni di occhiali venduti. Il top degli occhiali al miglior rapporto qualit\u00e0 prezzo.<\/p>\n<h2>Informazioni<\/h2>\n<p><img loading=\"lazy\" decoding=\"async\" src=\"http:\/\/www.conero.it\/assets\/uploads\/2016\/04\/Adriatica-Outlet-3.jpg\" alt=\"Adriatica-Outlet-3\" width=\"320\" height=\"240\" class=\"alignleft size-full wp-image-2378\" \/>Adriatica OUTLET si avvale di Ottici che da anni lavorano nel settore. Professionisti che consigliano il cliente per soddisfarlo, perch\u00e9 per noi la soddisfazione del cliente \u00e8 l&#8217;unico motivo del nostro lavoro. I nostri prodotti sono di assoluta qualit\u00e0, garantiti da qualsiasi vizio e difetto.<\/p>\n<p>Adriatica OUTLET consegna solo occhiali montati esclusivamente con lenti di prima scelta prodotte dalle aziende leader nel settore oftalmico. Spediamo in tutto il mondo, quindi se siete in vacanza e non avete pi\u00f9 il tempo per ritirare il vostro occhiale personalizzato con la vostra gradazione, Adriatica OUTLET vi far\u00e0 avere l&#8217;occhiale direttamente a casa vostra senza costi aggiuntivi.<\/p>\n<h2>La nostra azienda<\/h2>\n<p><img loading=\"lazy\" decoding=\"async\" src=\"http:\/\/www.conero.it\/assets\/uploads\/2016\/04\/adriatica-outlet-4.jpg\" alt=\"adriatica-outlet-4\" width=\"320\" height=\"240\" class=\"alignleft size-full wp-image-2379\" \/>Dopo 30 anni di distribuzione nel mondo abbiamo deciso di mettere a disposizione dei consumatori finali la nostra esperienza internazionale, privilegiando il cliente rispetto a qualsiasi altro elemento, riuscendo ad offrire la qualit\u00e0 di un ottico specializzo ai prezzi di uno spaccio.<\/p>\n<p>Tutto questo perch\u00e9 siamo convinti che si pu\u00f2 proporre un ottimo prodotto ad un prezzo &#8220;conveniente&#8221;; perch\u00e9 siamo convinti che &#8220;conveniente&#8221; vuol dire offrire prodotti di ottima qualit\u00e0 al prezzo pi\u00f9 equo e significa offrire la giusta combinazione di professionalit\u00e0, qualit\u00e0 e servizio.<\/p>\n<h2>Altre Immagini<\/h2>\n<p><img loading=\"lazy\" decoding=\"async\" src=\"http:\/\/www.conero.it\/assets\/uploads\/2016\/04\/Adriatica-Outlet-5.jpg\" alt=\"Adriatica-Outlet-5\" width=\"320\" height=\"240\" class=\"alignleft size-full wp-image-2380\" \/><img loading=\"lazy\" decoding=\"async\" src=\"http:\/\/www.conero.it\/assets\/uploads\/2016\/04\/adriatica-outlet-6.jpg\" alt=\"adriatica-outlet-6\" width=\"320\" height=\"240\" class=\"alignleft size-full wp-image-2381\" \/><\/p>\n","protected":false},"excerpt":{"rendered":"<p>Adriatica Outlet \u00e8 uno spaccio aziendale con vendita diretta di montature da vista complete di lenti personalizzate e occhiali da sole.<\/p>\n","protected":false},"author":1,"featured_media":0,"parent":0,"menu_order":0,"comment_status":"closed","ping_status":"closed","template":"","meta":{"footnotes":""},"class_list":["post-1514","page","type-page","status-publish","hentry"],"yoast_head":"<!-- This site is optimized with the Yoast SEO plugin v26.2 - https:\/\/yoast.com\/wordpress\/plugins\/seo\/ -->\n<title>Adriatica outlet - Conero.it<\/title>\n<meta name=\"description\" content=\"Adriatica Outlet \u00e8 uno spaccio aziendale con vendita diretta di montature da vista complete di lenti personalizzate e occhiali da sole.\" \/>\n<meta name=\"robots\" content=\"index, follow, max-snippet:-1, max-image-preview:large, max-video-preview:-1\" \/>\n<link rel=\"canonical\" href=\"https:\/\/www.conero.it\/it\/adriatica-outlet\/\" \/>\n<meta property=\"og:locale\" content=\"it_IT\" \/>\n<meta property=\"og:type\" content=\"article\" \/>\n<meta property=\"og:title\" content=\"Adriatica outlet - Conero.it\" \/>\n<meta property=\"og:description\" content=\"Adriatica Outlet \u00e8 uno spaccio aziendale con vendita diretta di montature da vista complete di lenti personalizzate e occhiali da sole.\" \/>\n<meta property=\"og:url\" content=\"https:\/\/www.conero.it\/it\/adriatica-outlet\/\" \/>\n<meta property=\"og:site_name\" content=\"Conero.it\" \/>\n<meta property=\"article:modified_time\" content=\"2016-06-07T15:05:59+00:00\" \/>\n<meta property=\"og:image\" content=\"http:\/\/www.conero.it\/assets\/uploads\/2016\/04\/Adriatica-Outlet-1.jpg\" \/>\n<script type=\"application\/ld+json\" class=\"yoast-schema-graph\">{\"@context\":\"https:\/\/schema.org\",\"@graph\":[{\"@type\":\"WebPage\",\"@id\":\"https:\/\/www.conero.it\/it\/adriatica-outlet\/\",\"url\":\"https:\/\/www.conero.it\/it\/adriatica-outlet\/\",\"name\":\"Adriatica outlet - Conero.it\",\"isPartOf\":{\"@id\":\"https:\/\/www.conero.it\/it\/#website\"},\"primaryImageOfPage\":{\"@id\":\"https:\/\/www.conero.it\/it\/adriatica-outlet\/#primaryimage\"},\"image\":{\"@id\":\"https:\/\/www.conero.it\/it\/adriatica-outlet\/#primaryimage\"},\"thumbnailUrl\":\"http:\/\/www.conero.it\/assets\/uploads\/2016\/04\/Adriatica-Outlet-1.jpg\",\"datePublished\":\"2016-04-11T18:31:04+00:00\",\"dateModified\":\"2016-06-07T15:05:59+00:00\",\"description\":\"Adriatica Outlet \u00e8 uno spaccio aziendale con vendita diretta di montature da vista complete di lenti personalizzate e occhiali da sole.\",\"breadcrumb\":{\"@id\":\"https:\/\/www.conero.it\/it\/adriatica-outlet\/#breadcrumb\"},\"inLanguage\":\"it-IT\",\"potentialAction\":[{\"@type\":\"ReadAction\",\"target\":[\"https:\/\/www.conero.it\/it\/adriatica-outlet\/\"]}]},{\"@type\":\"ImageObject\",\"inLanguage\":\"it-IT\",\"@id\":\"https:\/\/www.conero.it\/it\/adriatica-outlet\/#primaryimage\",\"url\":\"http:\/\/www.conero.it\/assets\/uploads\/2016\/04\/Adriatica-Outlet-1.jpg\",\"contentUrl\":\"http:\/\/www.conero.it\/assets\/uploads\/2016\/04\/Adriatica-Outlet-1.jpg\"},{\"@type\":\"BreadcrumbList\",\"@id\":\"https:\/\/www.conero.it\/it\/adriatica-outlet\/#breadcrumb\",\"itemListElement\":[{\"@type\":\"ListItem\",\"position\":1,\"name\":\"Home\",\"item\":\"https:\/\/www.conero.it\/it\/\"},{\"@type\":\"ListItem\",\"position\":2,\"name\":\"Adriatica outlet\"}]},{\"@type\":\"WebSite\",\"@id\":\"https:\/\/www.conero.it\/it\/#website\",\"url\":\"https:\/\/www.conero.it\/it\/\",\"name\":\"Conero.it\",\"description\":\"Informazioni e servizi turistici per la riviera del Conero: Sirolo, Numana, Portonovo, Marcelli, Ancona - Conero.it\",\"potentialAction\":[{\"@type\":\"SearchAction\",\"target\":{\"@type\":\"EntryPoint\",\"urlTemplate\":\"https:\/\/www.conero.it\/it\/?s={search_term_string}\"},\"query-input\":{\"@type\":\"PropertyValueSpecification\",\"valueRequired\":true,\"valueName\":\"search_term_string\"}}],\"inLanguage\":\"it-IT\"}]}<\/script>\n<!-- \/ Yoast SEO plugin. -->","yoast_head_json":{"title":"Adriatica outlet - Conero.it","description":"Adriatica Outlet \u00e8 uno spaccio aziendale con vendita diretta di montature da vista complete di lenti personalizzate e occhiali da sole.","robots":{"index":"index","follow":"follow","max-snippet":"max-snippet:-1","max-image-preview":"max-image-preview:large","max-video-preview":"max-video-preview:-1"},"canonical":"https:\/\/www.conero.it\/it\/adriatica-outlet\/","og_locale":"it_IT","og_type":"article","og_title":"Adriatica outlet - Conero.it","og_description":"Adriatica Outlet \u00e8 uno spaccio aziendale con vendita diretta di montature da vista complete di lenti personalizzate e occhiali da sole.","og_url":"https:\/\/www.conero.it\/it\/adriatica-outlet\/","og_site_name":"Conero.it","article_modified_time":"2016-06-07T15:05:59+00:00","og_image":[{"url":"http:\/\/www.conero.it\/assets\/uploads\/2016\/04\/Adriatica-Outlet-1.jpg","type":"","width":"","height":""}],"schema":{"@context":"https:\/\/schema.org","@graph":[{"@type":"WebPage","@id":"https:\/\/www.conero.it\/it\/adriatica-outlet\/","url":"https:\/\/www.conero.it\/it\/adriatica-outlet\/","name":"Adriatica outlet - Conero.it","isPartOf":{"@id":"https:\/\/www.conero.it\/it\/#website"},"primaryImageOfPage":{"@id":"https:\/\/www.conero.it\/it\/adriatica-outlet\/#primaryimage"},"image":{"@id":"https:\/\/www.conero.it\/it\/adriatica-outlet\/#primaryimage"},"thumbnailUrl":"http:\/\/www.conero.it\/assets\/uploads\/2016\/04\/Adriatica-Outlet-1.jpg","datePublished":"2016-04-11T18:31:04+00:00","dateModified":"2016-06-07T15:05:59+00:00","description":"Adriatica Outlet \u00e8 uno spaccio aziendale con vendita diretta di montature da vista complete di lenti personalizzate e occhiali da sole.","breadcrumb":{"@id":"https:\/\/www.conero.it\/it\/adriatica-outlet\/#breadcrumb"},"inLanguage":"it-IT","potentialAction":[{"@type":"ReadAction","target":["https:\/\/www.conero.it\/it\/adriatica-outlet\/"]}]},{"@type":"ImageObject","inLanguage":"it-IT","@id":"https:\/\/www.conero.it\/it\/adriatica-outlet\/#primaryimage","url":"http:\/\/www.conero.it\/assets\/uploads\/2016\/04\/Adriatica-Outlet-1.jpg","contentUrl":"http:\/\/www.conero.it\/assets\/uploads\/2016\/04\/Adriatica-Outlet-1.jpg"},{"@type":"BreadcrumbList","@id":"https:\/\/www.conero.it\/it\/adriatica-outlet\/#breadcrumb","itemListElement":[{"@type":"ListItem","position":1,"name":"Home","item":"https:\/\/www.conero.it\/it\/"},{"@type":"ListItem","position":2,"name":"Adriatica outlet"}]},{"@type":"WebSite","@id":"https:\/\/www.conero.it\/it\/#website","url":"https:\/\/www.conero.it\/it\/","name":"Conero.it","description":"Informazioni e servizi turistici per la riviera del Conero: Sirolo, Numana, Portonovo, Marcelli, Ancona - Conero.it","potentialAction":[{"@type":"SearchAction","target":{"@type":"EntryPoint","urlTemplate":"https:\/\/www.conero.it\/it\/?s={search_term_string}"},"query-input":{"@type":"PropertyValueSpecification","valueRequired":true,"valueName":"search_term_string"}}],"inLanguage":"it-IT"}]}},"_links":{"self":[{"href":"https:\/\/www.conero.it\/it\/wp-json\/wp\/v2\/pages\/1514","targetHints":{"allow":["GET"]}}],"collection":[{"href":"https:\/\/www.conero.it\/it\/wp-json\/wp\/v2\/pages"}],"about":[{"href":"https:\/\/www.conero.it\/it\/wp-json\/wp\/v2\/types\/page"}],"author":[{"embeddable":true,"href":"https:\/\/www.conero.it\/it\/wp-json\/wp\/v2\/users\/1"}],"replies":[{"embeddable":true,"href":"https:\/\/www.conero.it\/it\/wp-json\/wp\/v2\/comments?post=1514"}],"version-history":[{"count":0,"href":"https:\/\/www.conero.it\/it\/wp-json\/wp\/v2\/pages\/1514\/revisions"}],"wp:attachment":[{"href":"https:\/\/www.conero.it\/it\/wp-json\/wp\/v2\/media?parent=1514"}],"curies":[{"name":"wp","href":"https:\/\/api.w.org\/{rel}","templated":true}]}}